{"id":7601,"date":"2020-09-07T17:41:42","date_gmt":"2020-09-07T15:41:42","guid":{"rendered":"http:\/\/galvamet.it.netechlab.it\/?page_id=7601"},"modified":"2025-04-30T16:02:03","modified_gmt":"2025-04-30T14:02:03","slug":"anti-condensation","status":"publish","type":"page","link":"https:\/\/www.galvamet.it\/en\/anti-condensation\/","title":{"rendered":"Anti-condensation"},"content":{"rendered":"\t\t<div data-elementor-type=\"wp-page\" data-elementor-id=\"7601\" class=\"elementor elementor-7601 elementor-7599\" data-elementor-post-type=\"page\">\n\t\t\t\t\t\t<section class=\"elementor-section elementor-top-section elementor-element elementor-element-36781ce2 elementor-section-boxed elementor-section-height-default elementor-section-height-default parallax_section_no qode_elementor_container_no\" data-id=\"36781ce2\" data-element_type=\"section\" data-settings=\"{&quot;background_background&quot;:&quot;classic&quot;}\">\n\t\t\t\t\t\t<div class=\"elementor-container elementor-column-gap-no\">\n\t\t\t\t\t<div class=\"elementor-column elementor-col-100 elementor-top-column elementor-element elementor-element-14f2a64d\" data-id=\"14f2a64d\" data-element_type=\"column\">\n\t\t\t<div class=\"elementor-widget-wrap elementor-element-populated\">\n\t\t\t\t\t\t<div class=\"elementor-element elementor-element-67a57b4 elementor-widget elementor-widget-text-editor\" data-id=\"67a57b4\" data-element_type=\"widget\" data-widget_type=\"text-editor.default\">\n\t\t\t\t<div class=\"elementor-widget-container\">\n\t\t\t\t\t\t\t\t\t<h6>PERCHE&#8217; SI FORMA LA CONDENSA<\/h6>\n\t\t\t\t\t\t\t\t<\/div>\n\t\t\t\t<\/div>\n\t\t\t\t<div class=\"elementor-element elementor-element-5b839cd9 elementor-widget elementor-widget-text-editor\" data-id=\"5b839cd9\" data-element_type=\"widget\" data-widget_type=\"text-editor.default\">\n\t\t\t\t<div class=\"elementor-widget-container\">\n\t\t\t\t\t\t\t\t\t<p>Il fenomeno della condensa avviene sopratutto nella cappa installata sopra ad un piano di cottura ad induzione in quanto questa tecnologia riscalda solamente i recipienti che contengono i cibi e non l\u2019aria circostante, quindi le superfici della cappa rimangono fredde. Quando i fumi caldi di cottura salgono, incontrano le superfici fredde della cappa, rilasciando pertanto l\u2019umidit\u00e0 presente nell\u2019aria che si trasforma velocemente in goccioline d\u2019acqua che poi inevitabilmente cadono sul piano stesso e sui cibi trascinandosi dietro grassi ed impurit\u00e0. Questo purtroppo \u00e8 un fenomeno fisico, che non dipende assolutamente dalla capacit\u00e0 aspirante della cappa, ma dalla differenza di temperatura tra i fumi caldi di cottura e le superfici fredde della cappa.\u00a0<\/p>\n\t\t\t\t\t\t\t\t<\/div>\n\t\t\t\t<\/div>\n\t\t\t\t\t<\/div>\n\t\t<\/div>\n\t\t\t\t\t<\/div>\n\t\t<\/section>\n\t\t\t\t<section class=\"elementor-section elementor-top-section elementor-element elementor-element-7e1ab76c elementor-section-boxed elementor-section-height-default elementor-section-height-default parallax_section_no qode_elementor_container_no\" data-id=\"7e1ab76c\" data-element_type=\"section\">\n\t\t\t\t\t\t<div class=\"elementor-container elementor-column-gap-default\">\n\t\t\t\t\t<div class=\"elementor-column elementor-col-100 elementor-top-column elementor-element elementor-element-50adeaf8\" data-id=\"50adeaf8\" data-element_type=\"column\" data-settings=\"{&quot;background_background&quot;:&quot;slideshow&quot;,&quot;background_slideshow_gallery&quot;:[],&quot;background_slideshow_loop&quot;:&quot;yes&quot;,&quot;background_slideshow_slide_duration&quot;:5000,&quot;background_slideshow_slide_transition&quot;:&quot;fade&quot;,&quot;background_slideshow_transition_duration&quot;:500}\">\n\t\t\t<div class=\"elementor-widget-wrap elementor-element-populated\">\n\t\t\t\t\t\t<div class=\"elementor-element elementor-element-e38e7ae elementor-widget elementor-widget-spacer\" data-id=\"e38e7ae\" data-element_type=\"widget\" data-widget_type=\"spacer.default\">\n\t\t\t\t<div class=\"elementor-widget-container\">\n\t\t\t\t\t\t\t<div class=\"elementor-spacer\">\n\t\t\t<div class=\"elementor-spacer-inner\"><\/div>\n\t\t<\/div>\n\t\t\t\t\t\t<\/div>\n\t\t\t\t<\/div>\n\t\t\t\t<div class=\"elementor-element elementor-element-fbeea92 elementor-widget elementor-widget-bridge_portfolio_list\" data-id=\"fbeea92\" data-element_type=\"widget\" data-widget_type=\"bridge_portfolio_list.default\">\n\t\t\t\t<div class=\"elementor-widget-container\">\n\t\t\t\t\t<div class='projects_holder_outer v3 portfolio_with_space portfolio_standard'>\n        <div class='projects_holder portfolio_main_holder clearfix v3 standard portfolio_full_image portfolio_one_by_one'>\n        \n        <article class='mix portfolio_category_241 portfolio_category_195 default' style=''>\n    \n    \n    \n    \n            <div class=\"item_holder thin_plus_only\">\n\n                    <div class=\"text_holder\">\n        <div class=\"text_holder_outer\">\n            <div class=\"text_holder_inner\">\n                            <span class=\"thin_plus_only_icon\">+<\/span>\n                        <\/div>\n        <\/div>\n    <\/div>\n\n                                    <a itemprop=\"url\" class=\"portfolio_link_class\" title=\"Sliver\" href=\"https:\/\/www.galvamet.it\/en\/prodotto\/sliver\/\"><\/a>\n                \n                <div style=\"\" class=\"portfolio_shader\"><\/div>\n                <div class=\"image_holder\">\n                    \n<span class='image'><img loading=\"lazy\" decoding=\"async\" width=\"1300\" height=\"781\" src=\"https:\/\/www.galvamet.it\/wp-content\/uploads\/2020\/07\/Foto-home-page.jpg\" class=\"attachment-full size-full wp-post-image\" alt=\"\" srcset=\"https:\/\/www.galvamet.it\/wp-content\/uploads\/2020\/07\/Foto-home-page.jpg 1300w, https:\/\/www.galvamet.it\/wp-content\/uploads\/2020\/07\/Foto-home-page-300x180.jpg 300w, https:\/\/www.galvamet.it\/wp-content\/uploads\/2020\/07\/Foto-home-page-1024x615.jpg 1024w, https:\/\/www.galvamet.it\/wp-content\/uploads\/2020\/07\/Foto-home-page-768x461.jpg 768w, https:\/\/www.galvamet.it\/wp-content\/uploads\/2020\/07\/Foto-home-page-700x421.jpg 700w\" sizes=\"auto, (max-width: 1300px) 100vw, 1300px\" \/><\/span>                <\/div>\n            <\/div>\n\n                <div class='portfolio_description text_align_left' >\n\n        \n    <h3 itemprop=\"name\" class=\"portfolio_title entry_title\"><a itemprop=\"url\" href=\"https:\/\/www.galvamet.it\/en\/prodotto\/sliver\/\"  target=\"_self\"> Sliver<\/a><\/h3>\n\n\n        \n        \n    <\/div>\n\n        \n<\/article>\n<article class='mix portfolio_category_241 portfolio_category_195 portfolio_category_240 default' style=''>\n    \n    \n    \n    \n            <div class=\"item_holder thin_plus_only\">\n\n                    <div class=\"text_holder\">\n        <div class=\"text_holder_outer\">\n            <div class=\"text_holder_inner\">\n                            <span class=\"thin_plus_only_icon\">+<\/span>\n                        <\/div>\n        <\/div>\n    <\/div>\n\n                                    <a itemprop=\"url\" class=\"portfolio_link_class\" title=\"Sliver-Plasma\" href=\"https:\/\/www.galvamet.it\/en\/prodotto\/sliver-plasma\/\"><\/a>\n                \n                <div style=\"\" class=\"portfolio_shader\"><\/div>\n                <div class=\"image_holder\">\n                    \n<span class='image'><img loading=\"lazy\" decoding=\"async\" width=\"1300\" height=\"781\" src=\"https:\/\/www.galvamet.it\/wp-content\/uploads\/2020\/07\/Foto-home-page.jpg\" class=\"attachment-full size-full wp-post-image\" alt=\"\" srcset=\"https:\/\/www.galvamet.it\/wp-content\/uploads\/2020\/07\/Foto-home-page.jpg 1300w, https:\/\/www.galvamet.it\/wp-content\/uploads\/2020\/07\/Foto-home-page-300x180.jpg 300w, https:\/\/www.galvamet.it\/wp-content\/uploads\/2020\/07\/Foto-home-page-1024x615.jpg 1024w, https:\/\/www.galvamet.it\/wp-content\/uploads\/2020\/07\/Foto-home-page-768x461.jpg 768w, https:\/\/www.galvamet.it\/wp-content\/uploads\/2020\/07\/Foto-home-page-700x421.jpg 700w\" sizes=\"auto, (max-width: 1300px) 100vw, 1300px\" \/><\/span>                <\/div>\n            <\/div>\n\n                <div class='portfolio_description text_align_left' >\n\n        \n    <h3 itemprop=\"name\" class=\"portfolio_title entry_title\"><a itemprop=\"url\" href=\"https:\/\/www.galvamet.it\/en\/prodotto\/sliver-plasma\/\"  target=\"_self\"> Sliver-Plasma<\/a><\/h3>\n\n\n        \n        \n    <\/div>\n\n        \n<\/article>\n<article class='mix portfolio_category_241 portfolio_category_195 default' style=''>\n    \n    \n    \n    \n            <div class=\"item_holder thin_plus_only\">\n\n                    <div class=\"text_holder\">\n        <div class=\"text_holder_outer\">\n            <div class=\"text_holder_inner\">\n                            <span class=\"thin_plus_only_icon\">+<\/span>\n                        <\/div>\n        <\/div>\n    <\/div>\n\n                                    <a itemprop=\"url\" class=\"portfolio_link_class\" title=\"Vapore\" href=\"https:\/\/www.galvamet.it\/en\/prodotto\/vapore\/\"><\/a>\n                \n                <div style=\"\" class=\"portfolio_shader\"><\/div>\n                <div class=\"image_holder\">\n                    \n<span class='image'><img loading=\"lazy\" decoding=\"async\" width=\"1300\" height=\"781\" src=\"https:\/\/www.galvamet.it\/wp-content\/uploads\/2020\/09\/Vapore-dettaglio.jpg\" class=\"attachment-full size-full wp-post-image\" alt=\"\" srcset=\"https:\/\/www.galvamet.it\/wp-content\/uploads\/2020\/09\/Vapore-dettaglio.jpg 1300w, https:\/\/www.galvamet.it\/wp-content\/uploads\/2020\/09\/Vapore-dettaglio-300x180.jpg 300w, https:\/\/www.galvamet.it\/wp-content\/uploads\/2020\/09\/Vapore-dettaglio-1024x615.jpg 1024w, https:\/\/www.galvamet.it\/wp-content\/uploads\/2020\/09\/Vapore-dettaglio-768x461.jpg 768w, https:\/\/www.galvamet.it\/wp-content\/uploads\/2020\/09\/Vapore-dettaglio-700x421.jpg 700w\" sizes=\"auto, (max-width: 1300px) 100vw, 1300px\" \/><\/span>                <\/div>\n            <\/div>\n\n                <div class='portfolio_description text_align_left' >\n\n        \n    <h3 itemprop=\"name\" class=\"portfolio_title entry_title\"><a itemprop=\"url\" href=\"https:\/\/www.galvamet.it\/en\/prodotto\/vapore\/\"  target=\"_self\"> Vapore<\/a><\/h3>\n\n\n        \n        \n    <\/div>\n\n        \n<\/article>\n<article class='mix portfolio_category_241 portfolio_category_195 default' style=''>\n    \n    \n    \n    \n            <div class=\"item_holder thin_plus_only\">\n\n                    <div class=\"text_holder\">\n        <div class=\"text_holder_outer\">\n            <div class=\"text_holder_inner\">\n                            <span class=\"thin_plus_only_icon\">+<\/span>\n                        <\/div>\n        <\/div>\n    <\/div>\n\n                                    <a itemprop=\"url\" class=\"portfolio_link_class\" title=\"Vapore Mini\" href=\"https:\/\/www.galvamet.it\/en\/prodotto\/vapore-mini\/\"><\/a>\n                \n                <div style=\"\" class=\"portfolio_shader\"><\/div>\n                <div class=\"image_holder\">\n                    \n<span class='image'><img loading=\"lazy\" decoding=\"async\" width=\"1300\" height=\"781\" src=\"https:\/\/www.galvamet.it\/wp-content\/uploads\/2020\/09\/Vapore-Mini-dettaglio.jpg\" class=\"attachment-full size-full wp-post-image\" alt=\"\" srcset=\"https:\/\/www.galvamet.it\/wp-content\/uploads\/2020\/09\/Vapore-Mini-dettaglio.jpg 1300w, https:\/\/www.galvamet.it\/wp-content\/uploads\/2020\/09\/Vapore-Mini-dettaglio-300x180.jpg 300w, https:\/\/www.galvamet.it\/wp-content\/uploads\/2020\/09\/Vapore-Mini-dettaglio-1024x615.jpg 1024w, https:\/\/www.galvamet.it\/wp-content\/uploads\/2020\/09\/Vapore-Mini-dettaglio-768x461.jpg 768w, https:\/\/www.galvamet.it\/wp-content\/uploads\/2020\/09\/Vapore-Mini-dettaglio-700x421.jpg 700w\" sizes=\"auto, (max-width: 1300px) 100vw, 1300px\" \/><\/span>                <\/div>\n            <\/div>\n\n                <div class='portfolio_description text_align_left' >\n\n        \n    <h3 itemprop=\"name\" class=\"portfolio_title entry_title\"><a itemprop=\"url\" href=\"https:\/\/www.galvamet.it\/en\/prodotto\/vapore-mini\/\"  target=\"_self\"> Vapore Mini<\/a><\/h3>\n\n\n        \n        \n    <\/div>\n\n        \n<\/article>\n        <div class='filler'><\/div>\n            <div class='filler'><\/div>\n            <div class='filler'><\/div>\n        <\/div>\n\n    \n    <\/div>\t\t\t\t<\/div>\n\t\t\t\t<\/div>\n\t\t\t\t\t<\/div>\n\t\t<\/div>\n\t\t\t\t\t<\/div>\n\t\t<\/section>\n\t\t\t\t<section class=\"elementor-section elementor-top-section elementor-element elementor-element-60090b7 elementor-section-boxed elementor-section-height-default elementor-section-height-default parallax_section_no qode_elementor_container_no\" data-id=\"60090b7\" data-element_type=\"section\">\n\t\t\t\t\t\t<div class=\"elementor-container elementor-column-gap-default\">\n\t\t\t\t\t<div class=\"elementor-column elementor-col-100 elementor-top-column elementor-element elementor-element-3714625\" data-id=\"3714625\" data-element_type=\"column\" data-settings=\"{&quot;background_background&quot;:&quot;slideshow&quot;,&quot;background_slideshow_gallery&quot;:[],&quot;background_slideshow_loop&quot;:&quot;yes&quot;,&quot;background_slideshow_slide_duration&quot;:5000,&quot;background_slideshow_slide_transition&quot;:&quot;fade&quot;,&quot;background_slideshow_transition_duration&quot;:500}\">\n\t\t\t<div class=\"elementor-widget-wrap elementor-element-populated\">\n\t\t\t\t\t\t<div class=\"elementor-element elementor-element-91a77f8 elementor-widget elementor-widget-spacer\" data-id=\"91a77f8\" data-element_type=\"widget\" data-widget_type=\"spacer.default\">\n\t\t\t\t<div class=\"elementor-widget-container\">\n\t\t\t\t\t\t\t<div class=\"elementor-spacer\">\n\t\t\t<div class=\"elementor-spacer-inner\"><\/div>\n\t\t<\/div>\n\t\t\t\t\t\t<\/div>\n\t\t\t\t<\/div>\n\t\t\t\t<div class=\"elementor-element elementor-element-28060d1 elementor-widget elementor-widget-heading\" data-id=\"28060d1\" data-element_type=\"widget\" data-widget_type=\"heading.default\">\n\t\t\t\t<div class=\"elementor-widget-container\">\n\t\t\t\t\t<h2 class=\"elementor-heading-title elementor-size-default\">Subscribe to the newsletter<\/h2>\t\t\t\t<\/div>\n\t\t\t\t<\/div>\n\t\t\t\t<div class=\"elementor-element elementor-element-535d83d elementor-widget elementor-widget-text-editor\" data-id=\"535d83d\" data-element_type=\"widget\" data-widget_type=\"text-editor.default\">\n\t\t\t\t<div class=\"elementor-widget-container\">\n\t\t\t\t\t\t\t\t\t<p>Don&#8217;t miss any news about our products and company, sign up for our newsletter!<\/p>\t\t\t\t\t\t\t\t<\/div>\n\t\t\t\t<\/div>\n\t\t\t\t<div class=\"elementor-element elementor-element-db21f14 elementor-align-center elementor-widget elementor-widget-button\" data-id=\"db21f14\" data-element_type=\"widget\" data-widget_type=\"button.default\">\n\t\t\t\t<div class=\"elementor-widget-container\">\n\t\t\t\t\t\t\t\t\t<div class=\"elementor-button-wrapper\">\n\t\t\t\t\t<a class=\"elementor-button elementor-button-link elementor-size-sm\" href=\"\/en\/subscribe-to-newsletter\/\">\n\t\t\t\t\t\t<span class=\"elementor-button-content-wrapper\">\n\t\t\t\t\t\t\t\t\t<span class=\"elementor-button-text\">Click here<\/span>\n\t\t\t\t\t<\/span>\n\t\t\t\t\t<\/a>\n\t\t\t\t<\/div>\n\t\t\t\t\t\t\t\t<\/div>\n\t\t\t\t<\/div>\n\t\t\t\t\t<\/div>\n\t\t<\/div>\n\t\t\t\t\t<\/div>\n\t\t<\/section>\n\t\t\t\t<\/div>\n\t\t","protected":false},"excerpt":{"rendered":"<p>PERCHE&#8217; SI FORMA LA CONDENSA Il fenomeno della condensa avviene sopratutto nella cappa installata sopra&#8230;<\/p>\n","protected":false},"author":13,"featured_media":0,"parent":0,"menu_order":0,"comment_status":"closed","ping_status":"closed","template":"full_width.php","meta":{"_acf_changed":false,"footnotes":""},"class_list":["post-7601","page","type-page","status-publish","hentry"],"acf":[],"_links":{"self":[{"href":"https:\/\/www.galvamet.it\/en\/wp-json\/wp\/v2\/pages\/7601","targetHints":{"allow":["GET"]}}],"collection":[{"href":"https:\/\/www.galvamet.it\/en\/wp-json\/wp\/v2\/pages"}],"about":[{"href":"https:\/\/www.galvamet.it\/en\/wp-json\/wp\/v2\/types\/page"}],"author":[{"embeddable":true,"href":"https:\/\/www.galvamet.it\/en\/wp-json\/wp\/v2\/users\/13"}],"replies":[{"embeddable":true,"href":"https:\/\/www.galvamet.it\/en\/wp-json\/wp\/v2\/comments?post=7601"}],"version-history":[{"count":4,"href":"https:\/\/www.galvamet.it\/en\/wp-json\/wp\/v2\/pages\/7601\/revisions"}],"predecessor-version":[{"id":21933,"href":"https:\/\/www.galvamet.it\/en\/wp-json\/wp\/v2\/pages\/7601\/revisions\/21933"}],"wp:attachment":[{"href":"https:\/\/www.galvamet.it\/en\/wp-json\/wp\/v2\/media?parent=7601"}],"curies":[{"name":"wp","href":"https:\/\/api.w.org\/{rel}","templated":true}]}}